{"id":965,"date":"2025-03-25T14:12:50","date_gmt":"2025-03-25T13:12:50","guid":{"rendered":"https:\/\/www.artfactory-graz.at\/shop\/?post_type=product&#038;p=965"},"modified":"2025-03-25T14:14:33","modified_gmt":"2025-03-25T13:14:33","slug":"sylvia-heil-a-2","status":"publish","type":"product","link":"https:\/\/www.artfactory-graz.at\/shop\/produkt\/sylvia-heil-a-2\/","title":{"rendered":"Sylvia Heil (A)"},"content":{"rendered":"<p><em>Titel: \u201eback to nature\u201c<\/em><\/p>\n<p><em>Mischtechnik (Aquarell, Pigmente und \u00d6l)<\/em><\/p>\n<p><em>Gr\u00f6\u00dfe: 73 x 53 cm<\/em><\/p>\n<p><em>\u00a0<\/em><\/p>\n<p><em>Preis: gerahmt \u20ac 970,-<\/em><\/p>\n","protected":false},"excerpt":{"rendered":"<p>Titel: \u201eback to nature\u201c Mischtechnik (Aquarell, Pigmente und \u00d6l) Gr\u00f6\u00dfe: 73 x 53 cm \u00a0 Preis: gerahmt \u20ac 970,-<\/p>\n","protected":false},"featured_media":967,"comment_status":"open","ping_status":"closed","template":"","meta":[],"product_brand":[],"product_cat":[52],"product_tag":[],"class_list":{"0":"post-965","1":"product","2":"type-product","3":"status-publish","4":"has-post-thumbnail","6":"product_cat-szombathely-2025","8":"first","9":"instock","10":"sold-individually","11":"shipping-taxable","12":"purchasable","13":"product-type-simple"},"jetpack_sharing_enabled":true,"_links":{"self":[{"href":"https:\/\/www.artfactory-graz.at\/shop\/wp-json\/wp\/v2\/product\/965","targetHints":{"allow":["GET"]}}],"collection":[{"href":"https:\/\/www.artfactory-graz.at\/shop\/wp-json\/wp\/v2\/product"}],"about":[{"href":"https:\/\/www.artfactory-graz.at\/shop\/wp-json\/wp\/v2\/types\/product"}],"replies":[{"embeddable":true,"href":"https:\/\/www.artfactory-graz.at\/shop\/wp-json\/wp\/v2\/comments?post=965"}],"version-history":[{"count":2,"href":"https:\/\/www.artfactory-graz.at\/shop\/wp-json\/wp\/v2\/product\/965\/revisions"}],"predecessor-version":[{"id":968,"href":"https:\/\/www.artfactory-graz.at\/shop\/wp-json\/wp\/v2\/product\/965\/revisions\/968"}],"wp:featuredmedia":[{"embeddable":true,"href":"https:\/\/www.artfactory-graz.at\/shop\/wp-json\/wp\/v2\/media\/967"}],"wp:attachment":[{"href":"https:\/\/www.artfactory-graz.at\/shop\/wp-json\/wp\/v2\/media?parent=965"}],"wp:term":[{"taxonomy":"product_brand","embeddable":true,"href":"https:\/\/www.artfactory-graz.at\/shop\/wp-json\/wp\/v2\/product_brand?post=965"},{"taxonomy":"product_cat","embeddable":true,"href":"https:\/\/www.artfactory-graz.at\/shop\/wp-json\/wp\/v2\/product_cat?post=965"},{"taxonomy":"product_tag","embeddable":true,"href":"https:\/\/www.artfactory-graz.at\/shop\/wp-json\/wp\/v2\/product_tag?post=965"}],"curies":[{"name":"wp","href":"https:\/\/api.w.org\/{rel}","templated":true}]}}