{"id":959,"date":"2025-03-25T14:01:09","date_gmt":"2025-03-25T13:01:09","guid":{"rendered":"https:\/\/www.artfactory-graz.at\/shop\/?post_type=product&#038;p=959"},"modified":"2025-03-25T14:12:04","modified_gmt":"2025-03-25T13:12:04","slug":"sylvia-heil-a-copy","status":"publish","type":"product","link":"https:\/\/www.artfactory-graz.at\/shop\/produkt\/sylvia-heil-a-copy\/","title":{"rendered":"Sylvia Heil (A)"},"content":{"rendered":"<p><em>Titel: \u201ewildlife worth protecting\u201c<\/em><\/p>\n<p><em>Mischtechnik (Aquarell und \u00d6l)<\/em><\/p>\n<p><em>Gr\u00f6\u00dfe: 75 x 55 cm<\/em><\/p>\n<p><em>\u00a0<\/em><\/p>\n<p><em>Preis: gerahmt \u20ac 900,-<\/em><\/p>\n","protected":false},"excerpt":{"rendered":"<p>Titel: \u201ewildlife worth protecting\u201c Mischtechnik (Aquarell und \u00d6l) Gr\u00f6\u00dfe: 75 x 55 cm \u00a0 Preis: gerahmt \u20ac 900,-<\/p>\n","protected":false},"featured_media":961,"comment_status":"open","ping_status":"closed","template":"","meta":[],"product_brand":[],"product_cat":[52],"product_tag":[],"class_list":{"0":"post-959","1":"product","2":"type-product","3":"status-publish","4":"has-post-thumbnail","6":"product_cat-szombathely-2025","8":"first","9":"instock","10":"sold-individually","11":"shipping-taxable","12":"purchasable","13":"product-type-simple"},"jetpack_sharing_enabled":true,"_links":{"self":[{"href":"https:\/\/www.artfactory-graz.at\/shop\/wp-json\/wp\/v2\/product\/959","targetHints":{"allow":["GET"]}}],"collection":[{"href":"https:\/\/www.artfactory-graz.at\/shop\/wp-json\/wp\/v2\/product"}],"about":[{"href":"https:\/\/www.artfactory-graz.at\/shop\/wp-json\/wp\/v2\/types\/product"}],"replies":[{"embeddable":true,"href":"https:\/\/www.artfactory-graz.at\/shop\/wp-json\/wp\/v2\/comments?post=959"}],"version-history":[{"count":4,"href":"https:\/\/www.artfactory-graz.at\/shop\/wp-json\/wp\/v2\/product\/959\/revisions"}],"predecessor-version":[{"id":964,"href":"https:\/\/www.artfactory-graz.at\/shop\/wp-json\/wp\/v2\/product\/959\/revisions\/964"}],"wp:featuredmedia":[{"embeddable":true,"href":"https:\/\/www.artfactory-graz.at\/shop\/wp-json\/wp\/v2\/media\/961"}],"wp:attachment":[{"href":"https:\/\/www.artfactory-graz.at\/shop\/wp-json\/wp\/v2\/media?parent=959"}],"wp:term":[{"taxonomy":"product_brand","embeddable":true,"href":"https:\/\/www.artfactory-graz.at\/shop\/wp-json\/wp\/v2\/product_brand?post=959"},{"taxonomy":"product_cat","embeddable":true,"href":"https:\/\/www.artfactory-graz.at\/shop\/wp-json\/wp\/v2\/product_cat?post=959"},{"taxonomy":"product_tag","embeddable":true,"href":"https:\/\/www.artfactory-graz.at\/shop\/wp-json\/wp\/v2\/product_tag?post=959"}],"curies":[{"name":"wp","href":"https:\/\/api.w.org\/{rel}","templated":true}]}}