{"id":954,"date":"2025-03-25T13:46:13","date_gmt":"2025-03-25T12:46:13","guid":{"rendered":"https:\/\/www.artfactory-graz.at\/shop\/?post_type=product&#038;p=954"},"modified":"2025-03-25T13:58:09","modified_gmt":"2025-03-25T12:58:09","slug":"sylvia-heil-a","status":"publish","type":"product","link":"https:\/\/www.artfactory-graz.at\/shop\/produkt\/sylvia-heil-a\/","title":{"rendered":"Sylvia Heil (A)"},"content":{"rendered":"<p><em>\u00a0\u201eback to nature\u201c<\/em><\/p>\n<p><em>Mischtechnik (Aquarell, Pigmente und \u00d6l)<\/em><\/p>\n<p>Triptychon<br \/>\nMischtechnik in mehreren Lasuren<br \/>\n(Aquarell, Pigmente und \u00d6l)<br \/>\nGesamtgr\u00f6\u00dfe: ca. 115 x 80cm<br \/>\n2 Tafeln Hochformat: je 60 x 39cm<br \/>\n1 Tafel Querformat: 53 x 78cm<\/p>\n<p><em>2025<\/em><\/p>\n<p><em>Austria<\/em><\/p>\n<p>&nbsp;<\/p>\n<p>Mensch: \u201ewas willst du?\u201c<br \/>\nTier: \u201eauf dieser Erde leben!\u201c<br \/>\nMensch: \u201ewas hindert dich daran?\u201c<br \/>\nTier: \u201eDU!\u201c<br \/>\nMensch: \u201ewo gehst du hin?\u201c<br \/>\nTier: \u201eich wei\u00df es nicht.\u201c<br \/>\nMensch: \u201ewann kommst du zur\u00fcck?\u201c<br \/>\nTier: \u201eNiemals!\u201c<\/p>\n","protected":false},"excerpt":{"rendered":"<p>\u00a0\u201eback to nature\u201c Mischtechnik (Aquarell, Pigmente und \u00d6l) Triptychon Mischtechnik in mehreren Lasuren (Aquarell, Pigmente und \u00d6l) Gesamtgr\u00f6\u00dfe: ca. 115 x 80cm 2 Tafeln Hochformat: je 60 x 39cm 1 Tafel Querformat: 53 x 78cm 2025 Austria &nbsp; Mensch: \u201ewas willst du?\u201c Tier: \u201eauf dieser Erde leben!\u201c Mensch: \u201ewas hindert dich daran?\u201c Tier: \u201eDU!\u201c Mensch: [&hellip;]<\/p>\n","protected":false},"featured_media":955,"comment_status":"open","ping_status":"closed","template":"","meta":[],"product_brand":[],"product_cat":[52],"product_tag":[],"class_list":{"0":"post-954","1":"product","2":"type-product","3":"status-publish","4":"has-post-thumbnail","6":"product_cat-szombathely-2025","8":"first","9":"instock","10":"sold-individually","11":"shipping-taxable","12":"purchasable","13":"product-type-simple"},"jetpack_sharing_enabled":true,"_links":{"self":[{"href":"https:\/\/www.artfactory-graz.at\/shop\/wp-json\/wp\/v2\/product\/954","targetHints":{"allow":["GET"]}}],"collection":[{"href":"https:\/\/www.artfactory-graz.at\/shop\/wp-json\/wp\/v2\/product"}],"about":[{"href":"https:\/\/www.artfactory-graz.at\/shop\/wp-json\/wp\/v2\/types\/product"}],"replies":[{"embeddable":true,"href":"https:\/\/www.artfactory-graz.at\/shop\/wp-json\/wp\/v2\/comments?post=954"}],"version-history":[{"count":3,"href":"https:\/\/www.artfactory-graz.at\/shop\/wp-json\/wp\/v2\/product\/954\/revisions"}],"predecessor-version":[{"id":958,"href":"https:\/\/www.artfactory-graz.at\/shop\/wp-json\/wp\/v2\/product\/954\/revisions\/958"}],"wp:featuredmedia":[{"embeddable":true,"href":"https:\/\/www.artfactory-graz.at\/shop\/wp-json\/wp\/v2\/media\/955"}],"wp:attachment":[{"href":"https:\/\/www.artfactory-graz.at\/shop\/wp-json\/wp\/v2\/media?parent=954"}],"wp:term":[{"taxonomy":"product_brand","embeddable":true,"href":"https:\/\/www.artfactory-graz.at\/shop\/wp-json\/wp\/v2\/product_brand?post=954"},{"taxonomy":"product_cat","embeddable":true,"href":"https:\/\/www.artfactory-graz.at\/shop\/wp-json\/wp\/v2\/product_cat?post=954"},{"taxonomy":"product_tag","embeddable":true,"href":"https:\/\/www.artfactory-graz.at\/shop\/wp-json\/wp\/v2\/product_tag?post=954"}],"curies":[{"name":"wp","href":"https:\/\/api.w.org\/{rel}","templated":true}]}}