{"id":943,"date":"2025-03-25T11:33:14","date_gmt":"2025-03-25T10:33:14","guid":{"rendered":"https:\/\/www.artfactory-graz.at\/shop\/?post_type=product&#038;p=943"},"modified":"2025-03-26T14:44:18","modified_gmt":"2025-03-26T13:44:18","slug":"gaby-fey-d","status":"publish","type":"product","link":"https:\/\/www.artfactory-graz.at\/shop\/produkt\/gaby-fey-d\/","title":{"rendered":"Gaby\u00a0Fey (D)"},"content":{"rendered":"<p>&#8221; Dione&#8221; Apollodor\u00a0&#8211;\u00a0antike\u00a0Mythen<\/p>\n<p><strong>Print 1\/49<\/strong><\/p>\n<p>2025<\/p>\n<p>Germany<\/p>\n<p>&#8220;Galateia&#8221; aus der griechischen Mythologie &#8211; -W\u00e4chterin des Wassers-<\/p>\n<p>90x130cm ( L\u00e4nge &#8211; H\u00f6he)<\/p>\n<p>&nbsp;<\/p>\n<p>Die Herstellung<\/p>\n<p>erfolgt durch die Grieger GmbH in D\u00fcsseldorf.<\/p>\n<p>F\u00fcr die Herstellung der Bilder wird das patentierte Diasec\u00ae-Verfahren eingesetzt.<\/p>\n<p>Dabei handelt es sich um ein Kaschierverfahren, bei dem transparentes Acrylglas schlieren- und blasenfrei mit Bildmaterial verbunden\u00a0wird.<\/p>\n<p>&nbsp;<\/p>\n<p>Das Bild der Nereide &#8221; Dione&#8221; zeigt symbolisch die Urkra\u0308fte des Lebens.<\/p>\n<p>Diese Halbgo\u0308ttin, von beto\u0308render Scho\u0308nheit mit magischen und prophetischen Kra\u0308ften ausgestattet, ist eine liebevolle Wa\u0308chterin des Wassers und beschu\u0308tzt die Natur.<\/p>\n<p>&nbsp;<\/p>\n<p>Apollodor\u00a0&#8211;\u00a0antike\u00a0Mythen<\/p>\n","protected":false},"excerpt":{"rendered":"<p>&#8221; Dione&#8221; Apollodor\u00a0&#8211;\u00a0antike\u00a0Mythen Print 1\/49 2025 Germany &#8220;Galateia&#8221; aus der griechischen Mythologie &#8211; -W\u00e4chterin des Wassers- 90x130cm ( L\u00e4nge &#8211; H\u00f6he) &nbsp; Die Herstellung erfolgt durch die Grieger GmbH in D\u00fcsseldorf. F\u00fcr die Herstellung der Bilder wird das patentierte Diasec\u00ae-Verfahren eingesetzt. Dabei handelt es sich um ein Kaschierverfahren, bei dem transparentes Acrylglas schlieren- und blasenfrei [&hellip;]<\/p>\n","protected":false},"featured_media":944,"comment_status":"open","ping_status":"closed","template":"","meta":[],"product_brand":[],"product_cat":[52],"product_tag":[],"class_list":{"0":"post-943","1":"product","2":"type-product","3":"status-publish","4":"has-post-thumbnail","6":"product_cat-szombathely-2025","8":"first","9":"instock","10":"sold-individually","11":"shipping-taxable","12":"purchasable","13":"product-type-simple"},"jetpack_sharing_enabled":true,"_links":{"self":[{"href":"https:\/\/www.artfactory-graz.at\/shop\/wp-json\/wp\/v2\/product\/943","targetHints":{"allow":["GET"]}}],"collection":[{"href":"https:\/\/www.artfactory-graz.at\/shop\/wp-json\/wp\/v2\/product"}],"about":[{"href":"https:\/\/www.artfactory-graz.at\/shop\/wp-json\/wp\/v2\/types\/product"}],"replies":[{"embeddable":true,"href":"https:\/\/www.artfactory-graz.at\/shop\/wp-json\/wp\/v2\/comments?post=943"}],"version-history":[{"count":4,"href":"https:\/\/www.artfactory-graz.at\/shop\/wp-json\/wp\/v2\/product\/943\/revisions"}],"predecessor-version":[{"id":971,"href":"https:\/\/www.artfactory-graz.at\/shop\/wp-json\/wp\/v2\/product\/943\/revisions\/971"}],"wp:featuredmedia":[{"embeddable":true,"href":"https:\/\/www.artfactory-graz.at\/shop\/wp-json\/wp\/v2\/media\/944"}],"wp:attachment":[{"href":"https:\/\/www.artfactory-graz.at\/shop\/wp-json\/wp\/v2\/media?parent=943"}],"wp:term":[{"taxonomy":"product_brand","embeddable":true,"href":"https:\/\/www.artfactory-graz.at\/shop\/wp-json\/wp\/v2\/product_brand?post=943"},{"taxonomy":"product_cat","embeddable":true,"href":"https:\/\/www.artfactory-graz.at\/shop\/wp-json\/wp\/v2\/product_cat?post=943"},{"taxonomy":"product_tag","embeddable":true,"href":"https:\/\/www.artfactory-graz.at\/shop\/wp-json\/wp\/v2\/product_tag?post=943"}],"curies":[{"name":"wp","href":"https:\/\/api.w.org\/{rel}","templated":true}]}}