{"id":884,"date":"2025-03-24T14:21:43","date_gmt":"2025-03-24T13:21:43","guid":{"rendered":"https:\/\/www.artfactory-graz.at\/shop\/?post_type=product&#038;p=884"},"modified":"2025-03-24T14:31:10","modified_gmt":"2025-03-24T13:31:10","slug":"martina-brandl-a","status":"publish","type":"product","link":"https:\/\/www.artfactory-graz.at\/shop\/produkt\/martina-brandl-a\/","title":{"rendered":"Martina Brandl (A)"},"content":{"rendered":"<p>&#8220;The Innerlight&#8221;<br \/>\nTrilogie von Martina Brandl auf Leinwand<br \/>\n\u201eProcess painting of intuitiv power nach G.M.\u201c<\/p>\n<p>2025<\/p>\n<p>Austria<\/p>\n<p>&nbsp;<\/p>\n<p>he Inner Light\u201c<\/p>\n<p>Martina Brandl<\/p>\n<p>&nbsp;<\/p>\n<p>Das dreiteilige Werk \u201eThe Inner Light\u201c ist ein faszinierendes Kunstwerk, das durch starke Strukturen gepr\u00e4gt ist. Die Farbpalette besteht haupts\u00e4chlich aus strahlendem Gelb und Wei\u00df, die zusammen mit tiefem Grau eine dynamische Spannung erzeugen. Feine Goldnuancen heben die zarten Linien hervor.<br \/>\nDiese Kombination vermittelt ein Gef\u00fchl von Licht und Schatten, das den Betrachter in seinen Bann zieht.<\/p>\n<p>Die Technik des Prozessmalens spiegelt sich in den intuitiven Farbgebungen wider, die das Bild lebendig machen. Die kr\u00e4ftigen Linien und Formen scheinen sich in einem st\u00e4ndigen Fluss zu bewegen, was den Eindruck von innerer Kraft und Energie vermittelt. Die Verwendung von Gelb und Wei\u00df symbolisiert Hoffnung und Inspiration, w\u00e4hrend das Dunkelgrau eine tiefere, nachdenkliche Dimension hinzuf\u00fcgt.<\/p>\n<p>&nbsp;<\/p>\n<p>Insgesamt strahlt \u201eThe Inner Light\u201c eine kraftvolle Atmosph\u00e4re aus, die zum Nachdenken anregt und die innere Reise des Betrachters reflektiert.<\/p>\n<p>&nbsp;<\/p>\n<p>Martina Brandl &#8211; 2024<\/p>\n","protected":false},"excerpt":{"rendered":"<p>\u201eThe Inner Light\u201c<\/p>\n<p>Martina Brandl<\/p>\n<p>&nbsp;<\/p>\n<p>Das dreiteilige Werk \u201eThe Inner Light\u201c ist ein faszinierendes Kunstwerk, das durch starke Strukturen gepr\u00e4gt ist. Die Farbpalette besteht haupts\u00e4chlich aus strahlendem Gelb und Wei\u00df, die zusammen mit tiefem Grau eine dynamische Spannung erzeugen. Feine Goldnuancen heben die zarten Linien hervor.<br \/>\nDiese Kombination vermittelt ein Gef\u00fchl von Licht und Schatten, das den Betrachter in seinen Bann zieht.<\/p>\n<p>Die Technik des Prozessmalens spiegelt sich in den intuitiven Farbgebungen wider, die das Bild lebendig machen. Die kr\u00e4ftigen Linien und Formen scheinen sich in einem st\u00e4ndigen Fluss zu bewegen, was den Eindruck von innerer Kraft und Energie vermittelt. Die Verwendung von Gelb und Wei\u00df symbolisiert Hoffnung und Inspiration, w\u00e4hrend das Dunkelgrau eine tiefere, nachdenkliche Dimension hinzuf\u00fcgt.<\/p>\n<p>&nbsp;<\/p>\n<p>Insgesamt strahlt \u201eThe Inner Light\u201c eine kraftvolle Atmosph\u00e4re aus, die zum Nachdenken anregt und die innere Reise des Betrachters reflektiert.<\/p>\n<p>&nbsp;<\/p>\n<p>Martina Brandl &#8211; 2024<\/p>\n","protected":false},"featured_media":893,"comment_status":"open","ping_status":"closed","template":"","meta":[],"product_brand":[],"product_cat":[52],"product_tag":[],"class_list":{"0":"post-884","1":"product","2":"type-product","3":"status-publish","4":"has-post-thumbnail","6":"product_cat-szombathely-2025","8":"first","9":"instock","10":"sold-individually","11":"shipping-taxable","12":"product-type-simple"},"jetpack_sharing_enabled":true,"_links":{"self":[{"href":"https:\/\/www.artfactory-graz.at\/shop\/wp-json\/wp\/v2\/product\/884","targetHints":{"allow":["GET"]}}],"collection":[{"href":"https:\/\/www.artfactory-graz.at\/shop\/wp-json\/wp\/v2\/product"}],"about":[{"href":"https:\/\/www.artfactory-graz.at\/shop\/wp-json\/wp\/v2\/types\/product"}],"replies":[{"embeddable":true,"href":"https:\/\/www.artfactory-graz.at\/shop\/wp-json\/wp\/v2\/comments?post=884"}],"version-history":[{"count":3,"href":"https:\/\/www.artfactory-graz.at\/shop\/wp-json\/wp\/v2\/product\/884\/revisions"}],"predecessor-version":[{"id":894,"href":"https:\/\/www.artfactory-graz.at\/shop\/wp-json\/wp\/v2\/product\/884\/revisions\/894"}],"wp:featuredmedia":[{"embeddable":true,"href":"https:\/\/www.artfactory-graz.at\/shop\/wp-json\/wp\/v2\/media\/893"}],"wp:attachment":[{"href":"https:\/\/www.artfactory-graz.at\/shop\/wp-json\/wp\/v2\/media?parent=884"}],"wp:term":[{"taxonomy":"product_brand","embeddable":true,"href":"https:\/\/www.artfactory-graz.at\/shop\/wp-json\/wp\/v2\/product_brand?post=884"},{"taxonomy":"product_cat","embeddable":true,"href":"https:\/\/www.artfactory-graz.at\/shop\/wp-json\/wp\/v2\/product_cat?post=884"},{"taxonomy":"product_tag","embeddable":true,"href":"https:\/\/www.artfactory-graz.at\/shop\/wp-json\/wp\/v2\/product_tag?post=884"}],"curies":[{"name":"wp","href":"https:\/\/api.w.org\/{rel}","templated":true}]}}