{"id":804,"date":"2025-03-21T08:51:22","date_gmt":"2025-03-21T07:51:22","guid":{"rendered":"https:\/\/www.artfactory-graz.at\/shop\/?post_type=product&#038;p=804"},"modified":"2025-03-21T09:37:10","modified_gmt":"2025-03-21T08:37:10","slug":"szombathely-museumausstellung","status":"publish","type":"product","link":"https:\/\/www.artfactory-graz.at\/shop\/produkt\/szombathely-museumausstellung\/","title":{"rendered":"Szombathely 2025"},"content":{"rendered":"<div class=\"elementor-element elementor-element-70fc4cb e-flex e-con-boxed parallax_section_no qode_elementor_container_no e-con e-parent\" data-id=\"70fc4cb\" data-element_type=\"container\">\n<div class=\"e-con-inner\">\n<div class=\"elementor-element elementor-element-e640873 elementor-widget elementor-widget-heading\" data-id=\"e640873\" data-element_type=\"widget\" data-widget_type=\"heading.default\">\n<div class=\"elementor-widget-container\">\n<h1 class=\"elementor-heading-title elementor-size-default\">Art Gallery of Szombathely<\/h1>\n<\/div>\n<\/div>\n<\/div>\n<\/div>\n<div class=\"elementor-element elementor-element-2dfdd66 e-flex e-con-boxed parallax_section_no qode_elementor_container_no e-con e-parent\" data-id=\"2dfdd66\" data-element_type=\"container\">\n<div class=\"e-con-inner\">\n<div class=\"elementor-element elementor-element-72a0fd1 elementor-widget elementor-widget-heading\" data-id=\"72a0fd1\" data-element_type=\"widget\" data-widget_type=\"heading.default\">\n<div class=\"elementor-widget-container\">\n<h1 class=\"elementor-heading-title elementor-size-default\">10. April bis 11.Mai 2025<\/h1>\n<\/div>\n<\/div>\n<\/div>\n<\/div>\n<div class=\"elementor-element elementor-element-304c31a e-flex e-con-boxed parallax_section_no qode_elementor_container_no e-con e-parent\" data-id=\"304c31a\" data-element_type=\"container\">\n<div class=\"e-con-inner\">\n<div class=\"elementor-element elementor-element-7acf698 elementor-widget elementor-widget-text-editor\" data-id=\"7acf698\" data-element_type=\"widget\" data-widget_type=\"text-editor.default\">\n<div class=\"elementor-widget-container\">\n<p>Die\u00a0<strong>\u201eKunstgalerie von Szombathely\u201c<\/strong>\u00a0ist eine bedeutende kulturelle Institution in Szombathely, Ungarn. Es ist bekannt f\u00fcr seine vielf\u00e4ltigen Ausstellungen mit zeitgen\u00f6ssischen und historischen Kunstwerken. In der Galerie finden h\u00e4ufig Ausstellungen mit lokalen K\u00fcnstlern sowie Werken von nationalen und internationalen K\u00fcnstlern statt.<\/p>\n<\/div>\n<\/div>\n<\/div>\n<\/div>\n","protected":false},"excerpt":{"rendered":"<p>Art Gallery of Szombathely 10. April bis 11.Mai 2025 Die\u00a0\u201eKunstgalerie von Szombathely\u201c\u00a0ist eine bedeutende kulturelle Institution in Szombathely, Ungarn. Es ist bekannt f\u00fcr seine vielf\u00e4ltigen Ausstellungen mit zeitgen\u00f6ssischen und historischen Kunstwerken. In der Galerie finden h\u00e4ufig Ausstellungen mit lokalen K\u00fcnstlern sowie Werken von nationalen und internationalen K\u00fcnstlern statt.<\/p>\n","protected":false},"featured_media":805,"comment_status":"open","ping_status":"closed","template":"","meta":[],"product_brand":[],"product_cat":[52],"product_tag":[],"class_list":{"0":"post-804","1":"product","2":"type-product","3":"status-publish","4":"has-post-thumbnail","6":"product_cat-szombathely-2025","8":"first","9":"instock","10":"shipping-taxable","11":"product-type-grouped"},"jetpack_sharing_enabled":true,"_links":{"self":[{"href":"https:\/\/www.artfactory-graz.at\/shop\/wp-json\/wp\/v2\/product\/804","targetHints":{"allow":["GET"]}}],"collection":[{"href":"https:\/\/www.artfactory-graz.at\/shop\/wp-json\/wp\/v2\/product"}],"about":[{"href":"https:\/\/www.artfactory-graz.at\/shop\/wp-json\/wp\/v2\/types\/product"}],"replies":[{"embeddable":true,"href":"https:\/\/www.artfactory-graz.at\/shop\/wp-json\/wp\/v2\/comments?post=804"}],"version-history":[{"count":2,"href":"https:\/\/www.artfactory-graz.at\/shop\/wp-json\/wp\/v2\/product\/804\/revisions"}],"predecessor-version":[{"id":814,"href":"https:\/\/www.artfactory-graz.at\/shop\/wp-json\/wp\/v2\/product\/804\/revisions\/814"}],"wp:featuredmedia":[{"embeddable":true,"href":"https:\/\/www.artfactory-graz.at\/shop\/wp-json\/wp\/v2\/media\/805"}],"wp:attachment":[{"href":"https:\/\/www.artfactory-graz.at\/shop\/wp-json\/wp\/v2\/media?parent=804"}],"wp:term":[{"taxonomy":"product_brand","embeddable":true,"href":"https:\/\/www.artfactory-graz.at\/shop\/wp-json\/wp\/v2\/product_brand?post=804"},{"taxonomy":"product_cat","embeddable":true,"href":"https:\/\/www.artfactory-graz.at\/shop\/wp-json\/wp\/v2\/product_cat?post=804"},{"taxonomy":"product_tag","embeddable":true,"href":"https:\/\/www.artfactory-graz.at\/shop\/wp-json\/wp\/v2\/product_tag?post=804"}],"curies":[{"name":"wp","href":"https:\/\/api.w.org\/{rel}","templated":true}]}}