{"id":521,"date":"2024-02-01T14:36:24","date_gmt":"2024-02-01T13:36:24","guid":{"rendered":"https:\/\/www.artfactory-graz.at\/shop\/?post_type=product&#038;p=521"},"modified":"2024-02-01T14:49:07","modified_gmt":"2024-02-01T13:49:07","slug":"lisi-deutsch-a-womans-life","status":"publish","type":"product","link":"https:\/\/www.artfactory-graz.at\/shop\/produkt\/lisi-deutsch-a-womans-life\/","title":{"rendered":"Lisi Deutsch \/ a womans life"},"content":{"rendered":"<p>Plastik: \u201eA woman\u00b4s life\u201c<\/p>\n<p>Ma\u00dfe: 42 cm H x 26 cm L x 17 cm T;<\/p>\n<p>Technik: Keramik-Raku, 2021;<\/p>\n<p>Die Keramik, \u201cA woman\u00b4s life\u201d interpretiert die Rolle der Frau im sozialen Umfeld. Sie zerteilt sich regelrecht um den Anforderungen gerecht zu werden \u2013 es wird an ihr gezogen und gezerrt \u2013 die Sorge, die Pflicht und die Verantwortung- , sie verdreht sich = verleugnet sich selbst. Der \u201eApfelbutzen\u201c repr\u00e4sentiert die Urfrau \/ Eva, die den Apfel der Erkenntnis sprichw\u00f6rtlich in sich tr\u00e4gt. Wann wird sie ihn zu nutzen wissen\u2026?<\/p>\n<p>&nbsp;<\/p>\n","protected":false},"excerpt":{"rendered":"<p>Meine Keramiken stellen Befindlichkeiten dar.<\/p>\n<p>Sie resultieren aus Gef\u00fchlen \u2013 sich selbst zu behindern, das Gef\u00fchl sich nicht \u00e4u\u00dfern zu d\u00fcrfen, sich zu verleugnen, mehr zu sehen, als man sehen darf oder sollte usw\u2026<\/p>\n<p><strong>\u00a0<\/strong><\/p>\n","protected":false},"featured_media":526,"comment_status":"open","ping_status":"closed","template":"","meta":[],"product_brand":[],"product_cat":[47],"product_tag":[],"class_list":{"0":"post-521","1":"product","2":"type-product","3":"status-publish","4":"has-post-thumbnail","6":"product_cat-bildhauer","8":"first","9":"instock","10":"sold-individually","11":"shipping-taxable","12":"purchasable","13":"product-type-simple"},"jetpack_sharing_enabled":true,"_links":{"self":[{"href":"https:\/\/www.artfactory-graz.at\/shop\/wp-json\/wp\/v2\/product\/521","targetHints":{"allow":["GET"]}}],"collection":[{"href":"https:\/\/www.artfactory-graz.at\/shop\/wp-json\/wp\/v2\/product"}],"about":[{"href":"https:\/\/www.artfactory-graz.at\/shop\/wp-json\/wp\/v2\/types\/product"}],"replies":[{"embeddable":true,"href":"https:\/\/www.artfactory-graz.at\/shop\/wp-json\/wp\/v2\/comments?post=521"}],"version-history":[{"count":3,"href":"https:\/\/www.artfactory-graz.at\/shop\/wp-json\/wp\/v2\/product\/521\/revisions"}],"predecessor-version":[{"id":525,"href":"https:\/\/www.artfactory-graz.at\/shop\/wp-json\/wp\/v2\/product\/521\/revisions\/525"}],"wp:featuredmedia":[{"embeddable":true,"href":"https:\/\/www.artfactory-graz.at\/shop\/wp-json\/wp\/v2\/media\/526"}],"wp:attachment":[{"href":"https:\/\/www.artfactory-graz.at\/shop\/wp-json\/wp\/v2\/media?parent=521"}],"wp:term":[{"taxonomy":"product_brand","embeddable":true,"href":"https:\/\/www.artfactory-graz.at\/shop\/wp-json\/wp\/v2\/product_brand?post=521"},{"taxonomy":"product_cat","embeddable":true,"href":"https:\/\/www.artfactory-graz.at\/shop\/wp-json\/wp\/v2\/product_cat?post=521"},{"taxonomy":"product_tag","embeddable":true,"href":"https:\/\/www.artfactory-graz.at\/shop\/wp-json\/wp\/v2\/product_tag?post=521"}],"curies":[{"name":"wp","href":"https:\/\/api.w.org\/{rel}","templated":true}]}}