{"id":118,"date":"2024-01-26T06:58:07","date_gmt":"2024-01-26T05:58:07","guid":{"rendered":"http:\/\/shmuel"},"modified":"2024-02-01T14:58:12","modified_gmt":"2024-02-01T13:58:12","slug":"large-soup-bowl","status":"publish","type":"product","link":"https:\/\/www.artfactory-graz.at\/shop\/produkt\/large-soup-bowl\/","title":{"rendered":"Lisi Deutsch \/ die unsichtbare K\u00fcnstlerin"},"content":{"rendered":"<p>Audio\/Objektinstallation: \u201eDie unsichtbare K\u00fcnstlerin\u201c<\/p>\n<p>Ma\u00dfe: 230 cm H x 120 cm L x 40 cm T;<\/p>\n<p>Technik: Holzsockel, Kupferblech,<\/p>\n<p>Audioaufnahme; 2021\/2022<\/p>\n","protected":false},"excerpt":{"rendered":"<p>Worte haben Einfluss, direkt und indirekt \u2013 sie k\u00f6nnen erheben, aber auch vernichten. Dies soll meine fachpraktische Arbeit zum Thema der \u201eunsichtbaren K\u00fcnstlerin\u201c verdeutlichen. \u00dcber Jahrhunderte wurden \u00c4u\u00dferungen, die Frauen schm\u00e4hten, sobald sie sich nur ein kleines St\u00fcckchen au\u00dferhalb der Norm bewegten, in der Gesellschaft etabliert. So ging es nat\u00fcrlich auch und vor allem Frauen, die ihren Weg in der Kunst sahen und sich als K\u00fcnstlerinnen beruflich verwirklichen wollten. Sie wurden l\u00e4cherlich gemacht, gesellschaftlich ge\u00e4chtet und von ihren Kollegen, die sich nun auch gegen \u201eFrauen\u201c behaupten mussten, als minderwertig erachtet.<\/p>\n<p><strong>\u00a0<\/strong><\/p>\n<p>Zitate, &#8211; die von Kunsthistorikern, Journalisten, K\u00fcnstlern und K\u00fcnstlerinnen geschrieben, gesprochen und erlebt wurden:<\/p>\n<p>DIE FRAU IST ALS K\u00dcNSTLERIN NICHT IN DER LAGE EIGENST\u00c4NDIG ETWAS ZU PRODUZIEREN, SIE MUSS, WIE AUCH IN IHREM LEBEN, BEFRUCHTET WERDEN VOM MANN; DIE FRAU HAT KEINE EIGENE KUNST! Arthur R\u00f6ssler \u2013 Kritiker, Entdecker und F\u00f6rderer von Egon Schiele<\/p>\n<p>&nbsp;<\/p>\n<p>MAN KANN VON IHR NICHTS BESSERES SAGEN, ALS DASS IHRE KUNST NICHT EIGENTLICH WEIBLICH, SONDERN VON M\u00c4NNLICHER KRAFT WAR! Kritiker zu Tina Blaus Werken<\/p>\n<p>&nbsp;<\/p>\n<p>SCHADE, DASS SIE IN DEM WAHNE LEBT, M\u00c4NNERARBEIT TUN ZU WOLLEN, DAF\u00dcR IST SIE NICHT GEBOREN! Ludwig Hevesi &#8211; Kritiker<\/p>\n","protected":false},"featured_media":310,"comment_status":"open","ping_status":"closed","template":"","meta":[],"product_brand":[],"product_cat":[15,47],"product_tag":[],"class_list":{"0":"post-118","1":"product","2":"type-product","3":"status-publish","4":"has-post-thumbnail","6":"product_cat-install","7":"product_cat-bildhauer","9":"first","10":"instock","11":"sold-individually","12":"shipping-taxable","13":"purchasable","14":"product-type-simple"},"jetpack_sharing_enabled":true,"_links":{"self":[{"href":"https:\/\/www.artfactory-graz.at\/shop\/wp-json\/wp\/v2\/product\/118","targetHints":{"allow":["GET"]}}],"collection":[{"href":"https:\/\/www.artfactory-graz.at\/shop\/wp-json\/wp\/v2\/product"}],"about":[{"href":"https:\/\/www.artfactory-graz.at\/shop\/wp-json\/wp\/v2\/types\/product"}],"replies":[{"embeddable":true,"href":"https:\/\/www.artfactory-graz.at\/shop\/wp-json\/wp\/v2\/comments?post=118"}],"version-history":[{"count":4,"href":"https:\/\/www.artfactory-graz.at\/shop\/wp-json\/wp\/v2\/product\/118\/revisions"}],"predecessor-version":[{"id":532,"href":"https:\/\/www.artfactory-graz.at\/shop\/wp-json\/wp\/v2\/product\/118\/revisions\/532"}],"wp:featuredmedia":[{"embeddable":true,"href":"https:\/\/www.artfactory-graz.at\/shop\/wp-json\/wp\/v2\/media\/310"}],"wp:attachment":[{"href":"https:\/\/www.artfactory-graz.at\/shop\/wp-json\/wp\/v2\/media?parent=118"}],"wp:term":[{"taxonomy":"product_brand","embeddable":true,"href":"https:\/\/www.artfactory-graz.at\/shop\/wp-json\/wp\/v2\/product_brand?post=118"},{"taxonomy":"product_cat","embeddable":true,"href":"https:\/\/www.artfactory-graz.at\/shop\/wp-json\/wp\/v2\/product_cat?post=118"},{"taxonomy":"product_tag","embeddable":true,"href":"https:\/\/www.artfactory-graz.at\/shop\/wp-json\/wp\/v2\/product_tag?post=118"}],"curies":[{"name":"wp","href":"https:\/\/api.w.org\/{rel}","templated":true}]}}