{"id":95,"date":"2024-01-26T06:57:58","date_gmt":"2024-01-26T05:57:58","guid":{"rendered":"https:\/\/www.artfactory-graz.at\/shop\/?page_id=95"},"modified":"2025-12-06T09:38:35","modified_gmt":"2025-12-06T08:38:35","slug":"home","status":"publish","type":"page","link":"https:\/\/www.artfactory-graz.at\/shop\/","title":{"rendered":"Home"},"content":{"rendered":"\t\t<div data-elementor-type=\"wp-page\" data-elementor-id=\"95\" class=\"elementor elementor-95\" data-elementor-post-type=\"page\">\n\t\t\t\t<div class=\"elementor-element elementor-element-49f8bd39 e-con-full e-flex e-con e-parent\" data-id=\"49f8bd39\" data-element_type=\"container\">\n\t\t<div class=\"elementor-element elementor-element-35a4f6fb e-con-full e-flex e-con e-child\" data-id=\"35a4f6fb\" data-element_type=\"container\" data-settings=\"{&quot;background_background&quot;:&quot;classic&quot;}\">\n\t\t\t\t<\/div>\n\t\t<div class=\"elementor-element elementor-element-39f1fa01 e-con-full e-flex e-con e-child\" data-id=\"39f1fa01\" data-element_type=\"container\" data-settings=\"{&quot;background_background&quot;:&quot;classic&quot;}\">\n\t\t\t\t<div class=\"elementor-element elementor-element-4fe2629f elementor-cta--skin-classic elementor-animated-content elementor-bg-transform elementor-bg-transform-zoom-in elementor-widget elementor-widget-call-to-action\" data-id=\"4fe2629f\" data-element_type=\"widget\" data-widget_type=\"call-to-action.default\">\n\t\t\t\t<div class=\"elementor-widget-container\">\n\t\t\t\t\t\t\t<div class=\"elementor-cta\">\n\t\t\t\t\t\t\t<div class=\"elementor-cta__content\">\n\t\t\t\t\n\t\t\t\t\t\t\t\t\t<h2 class=\"elementor-cta__title elementor-cta__content-item elementor-content-item\">\n\t\t\t\t\t\tEntdecke deine Einzigartigkeit \t\t\t\t\t<\/h2>\n\t\t\t\t\n\t\t\t\t\t\t\t\t\t<div class=\"elementor-cta__description elementor-cta__content-item elementor-content-item\">\n\t\t\t\t\t\tUnser Online-Kunstshop bringt inspirierende Meisterwerke direkt zu dir nach Hause\t\t\t\t\t<\/div>\n\t\t\t\t\n\t\t\t\t\t\t\t\t\t<div class=\"elementor-cta__button-wrapper elementor-cta__content-item elementor-content-item \">\n\t\t\t\t\t<a class=\"elementor-cta__button elementor-button elementor-size-\" href=\"https:\/\/www.artfactory-graz.at\/shop\/?post_type=product\">\n\t\t\t\t\t\tWELCOME\t\t\t\t\t<\/a>\n\t\t\t\t\t<\/div>\n\t\t\t\t\t\t\t<\/div>\n\t\t\t\t\t\t<\/div>\n\t\t\t\t\t\t<\/div>\n\t\t\t\t<\/div>\n\t\t\t\t<\/div>\n\t\t\t\t<\/div>\n\t\t<div class=\"elementor-element elementor-element-4d1645d0 e-flex e-con-boxed e-con e-parent\" data-id=\"4d1645d0\" data-element_type=\"container\" data-settings=\"{&quot;background_background&quot;:&quot;classic&quot;,&quot;background_motion_fx_motion_fx_scrolling&quot;:&quot;yes&quot;,&quot;background_motion_fx_scale_effect&quot;:&quot;yes&quot;,&quot;background_motion_fx_scale_direction&quot;:&quot;out-in&quot;,&quot;background_motion_fx_scale_speed&quot;:{&quot;unit&quot;:&quot;px&quot;,&quot;size&quot;:4,&quot;sizes&quot;:[]},&quot;background_motion_fx_scale_range&quot;:{&quot;unit&quot;:&quot;%&quot;,&quot;size&quot;:&quot;&quot;,&quot;sizes&quot;:{&quot;start&quot;:20,&quot;end&quot;:80}},&quot;background_motion_fx_devices&quot;:[&quot;desktop&quot;,&quot;tablet&quot;,&quot;mobile&quot;]}\">\n\t\t\t\t\t<div class=\"e-con-inner\">\n\t\t\t\t<div class=\"elementor-element elementor-element-773a6d9c elementor-widget elementor-widget-heading\" data-id=\"773a6d9c\" data-element_type=\"widget\" data-widget_type=\"heading.default\">\n\t\t\t\t\t<h1 class=\"elementor-heading-title elementor-size-default\">Dein wundersch\u00f6nes Zuhause ist die perfekte Leinwand f\u00fcr deine einzigartige Kunst. Lass deiner Kreativit\u00e4t freien Lauf und schaffe ein Ambiente, das deinen pers\u00f6nlichen Stil widerspiegelt.<\/h1>\t\t\t\t<\/div>\n\t\t\t\t<div class=\"elementor-element elementor-element-1a580c5f elementor-widget elementor-widget-text-editor\" data-id=\"1a580c5f\" data-element_type=\"widget\" data-widget_type=\"text-editor.default\">\n\t\t\t\t\t\t\t\t\t<p><span style=\"color: #000000; font-family: fantasy;\">finde dein perfektes St\u00fcck heute!<\/span><\/p>\t\t\t\t\t\t\t\t<\/div>\n\t\t\t\t<div class=\"elementor-element elementor-element-7a3b107c elementor-align-center elementor-widget elementor-widget-button\" data-id=\"7a3b107c\" data-element_type=\"widget\" data-widget_type=\"button.default\">\n\t\t\t\t\t\t\t\t\t\t<a class=\"elementor-button elementor-button-link elementor-size-sm\" href=\"https:\/\/www.artfactory-graz.at\/shop\/?post_type=product\">\n\t\t\t\t\t\t<span class=\"elementor-button-content-wrapper\">\n\t\t\t\t\t\t<span class=\"elementor-button-icon\">\n\t\t\t\t<svg xmlns=\"http:\/\/www.w3.org\/2000\/svg\" id=\"bb19cefa-da70-4c4e-8494-ad25bbd47839\" data-name=\"Layer 1\" width=\"32.9204\" height=\"17.832\" viewBox=\"0 0 32.9204 17.832\"><polygon points=\"31.858 8.055 31.858 8.016 31.817 8.016 23.417 0 22.036 1.447 28.931 8.026 0 8.026 0.007 10.026 28.928 10.026 22.048 16.361 23.404 17.832 32.92 9.069 31.858 8.055\"><\/polygon><\/svg>\t\t\t<\/span>\n\t\t\t\t\t\t\t\t\t<span class=\"elementor-button-text\">Shop Now<\/span>\n\t\t\t\t\t<\/span>\n\t\t\t\t\t<\/a>\n\t\t\t\t\t\t\t\t<\/div>\n\t\t\t\t\t<\/div>\n\t\t\t\t<\/div>\n\t\t<div class=\"elementor-element elementor-element-51305b21 e-flex e-con-boxed e-con e-parent\" data-id=\"51305b21\" data-element_type=\"container\" data-settings=\"{&quot;background_background&quot;:&quot;classic&quot;}\">\n\t\t\t\t\t<div class=\"e-con-inner\">\n\t\t\t\t<div class=\"elementor-element elementor-element-79179fd3 elementor-widget elementor-widget-heading\" data-id=\"79179fd3\" data-element_type=\"widget\" data-widget_type=\"heading.default\">\n\t\t\t\t\t<h2 class=\"elementor-heading-title elementor-size-default\">EINZIGARTIG<\/h2>\t\t\t\t<\/div>\n\t\t\t\t<div class=\"elementor-element elementor-element-4281e982 elementor-widget elementor-widget-text-editor\" data-id=\"4281e982\" data-element_type=\"widget\" data-widget_type=\"text-editor.default\">\n\t\t\t\t\t\t\t\t\t<p>Dein Raum, deine Geschichte: W\u00e4hle Kunst, die deine Pers\u00f6nlichkeit widerspiegelt<\/p>\t\t\t\t\t\t\t\t<\/div>\n\t\t\t\t<div class=\"elementor-element elementor-element-107955c3 elementor-align-center elementor-widget elementor-widget-button\" data-id=\"107955c3\" data-element_type=\"widget\" data-widget_type=\"button.default\">\n\t\t\t\t\t\t\t\t\t\t<a class=\"elementor-button elementor-button-link elementor-size-sm\" href=\"https:\/\/www.artfactory-graz.at\/shop\/?post_type=product\">\n\t\t\t\t\t\t<span class=\"elementor-button-content-wrapper\">\n\t\t\t\t\t\t<span class=\"elementor-button-icon\">\n\t\t\t\t<svg xmlns=\"http:\/\/www.w3.org\/2000\/svg\" id=\"bb19cefa-da70-4c4e-8494-ad25bbd47839\" data-name=\"Layer 1\" width=\"32.9204\" height=\"17.832\" viewBox=\"0 0 32.9204 17.832\"><polygon points=\"31.858 8.055 31.858 8.016 31.817 8.016 23.417 0 22.036 1.447 28.931 8.026 0 8.026 0.007 10.026 28.928 10.026 22.048 16.361 23.404 17.832 32.92 9.069 31.858 8.055\"><\/polygon><\/svg>\t\t\t<\/span>\n\t\t\t\t\t\t\t\t\t<span class=\"elementor-button-text\">Shop Now<\/span>\n\t\t\t\t\t<\/span>\n\t\t\t\t\t<\/a>\n\t\t\t\t\t\t\t\t<\/div>\n\t\t\t\t\t<\/div>\n\t\t\t\t<\/div>\n\t\t<div class=\"elementor-element elementor-element-3acf57f7 e-flex e-con-boxed e-con e-parent\" data-id=\"3acf57f7\" data-element_type=\"container\">\n\t\t\t\t\t<div class=\"e-con-inner\">\n\t\t\t\t<div class=\"elementor-element elementor-element-b66c6f elementor-widget elementor-widget-heading\" data-id=\"b66c6f\" data-element_type=\"widget\" data-widget_type=\"heading.default\">\n\t\t\t\t\t<h2 class=\"elementor-heading-title elementor-size-default\">Shop New Arrivals<\/h2>\t\t\t\t<\/div>\n\t\t\t\t<div class=\"elementor-element elementor-element-3c27eca4 elementor-grid-3 elementor-grid-mobile-1 elementor-grid-tablet-3 elementor-products-grid elementor-wc-products elementor-widget elementor-widget-woocommerce-products\" data-id=\"3c27eca4\" data-element_type=\"widget\" data-widget_type=\"woocommerce-products.default\">\n\t\t\t\t<div class=\"elementor-widget-container\">\n\t\t\t\t\t<div class=\"woocommerce columns-3 \"><ul class=\"products elementor-grid columns-3\">\n<li class=\"product type-product post-1293 status-publish first instock product_cat-abstract product_cat-mediamixed product_cat-popart has-post-thumbnail sold-individually shipping-taxable purchasable product-type-simple\">\n\t<a href=\"https:\/\/www.artfactory-graz.at\/shop\/produkt\/klaudia-soukup-a-2\/\" class=\"woocommerce-LoopProduct-link woocommerce-loop-product__link\"><img fetchpriority=\"high\" decoding=\"async\" width=\"250\" height=\"250\" src=\"https:\/\/www.artfactory-graz.at\/shop\/wp-content\/uploads\/2025\/11\/30-Knospe-und-volle-Bluete-250x250.jpg\" class=\"attachment-woocommerce_thumbnail size-woocommerce_thumbnail\" alt=\"Klaudia SOUKUP (A)\" srcset=\"https:\/\/www.artfactory-graz.at\/shop\/wp-content\/uploads\/2025\/11\/30-Knospe-und-volle-Bluete-250x250.jpg 250w, https:\/\/www.artfactory-graz.at\/shop\/wp-content\/uploads\/2025\/11\/30-Knospe-und-volle-Bluete-150x150.jpg 150w, https:\/\/www.artfactory-graz.at\/shop\/wp-content\/uploads\/2025\/11\/30-Knospe-und-volle-Bluete-100x100.jpg 100w\" sizes=\"(max-width: 250px) 100vw, 250px\" \/><h2 class=\"woocommerce-loop-product__title\">Klaudia SOUKUP (A)<\/h2>\n\t<span class=\"price\"><span class=\"woocommerce-Price-amount amount\"><bdi><span class=\"woocommerce-Price-currencySymbol\">&euro;<\/span>&nbsp;225,00<\/bdi><\/span><\/span>\n\n\n\n<\/a>\n\n\n\n<a href=\"\/shop\/wp-json\/wp\/v2\/pages\/95?add-to-cart=1293\" aria-describedby=\"woocommerce_loop_add_to_cart_link_describedby_1293\" data-quantity=\"1\" class=\"button product_type_simple add_to_cart_button ajax_add_to_cart\" data-product_id=\"1293\" data-product_sku=\"\" aria-label=\"In den Warenkorb legen: \u201eKlaudia SOUKUP (A)\u201c\" rel=\"nofollow\" data-success_message=\"\u201eKlaudia SOUKUP (A)\u201c wurde deinem Warenkorb hinzugef\u00fcgt\" role=\"button\">In den Warenkorb<\/a>\t<span id=\"woocommerce_loop_add_to_cart_link_describedby_1293\" class=\"screen-reader-text\">\n\t\t\t<\/span>\n<\/li>\n<li class=\"product type-product post-1289 status-publish instock product_cat-abstract product_cat-mediamixed product_cat-popart has-post-thumbnail sold-individually shipping-taxable purchasable product-type-simple\">\n\t<a href=\"https:\/\/www.artfactory-graz.at\/shop\/produkt\/klaudia-soukup-a\/\" class=\"woocommerce-LoopProduct-link woocommerce-loop-product__link\"><img decoding=\"async\" width=\"250\" height=\"250\" src=\"https:\/\/www.artfactory-graz.at\/shop\/wp-content\/uploads\/2025\/11\/29-Knospen-250x250.jpg\" class=\"attachment-woocommerce_thumbnail size-woocommerce_thumbnail\" alt=\"Klaudia SOUKUP (A)\" srcset=\"https:\/\/www.artfactory-graz.at\/shop\/wp-content\/uploads\/2025\/11\/29-Knospen-250x250.jpg 250w, https:\/\/www.artfactory-graz.at\/shop\/wp-content\/uploads\/2025\/11\/29-Knospen-150x150.jpg 150w, https:\/\/www.artfactory-graz.at\/shop\/wp-content\/uploads\/2025\/11\/29-Knospen-100x100.jpg 100w\" sizes=\"(max-width: 250px) 100vw, 250px\" \/><h2 class=\"woocommerce-loop-product__title\">Klaudia SOUKUP (A)<\/h2>\n\t<span class=\"price\"><span class=\"woocommerce-Price-amount amount\"><bdi><span class=\"woocommerce-Price-currencySymbol\">&euro;<\/span>&nbsp;225,00<\/bdi><\/span><\/span>\n\n\n\n<\/a>\n\n\n\n<a href=\"\/shop\/wp-json\/wp\/v2\/pages\/95?add-to-cart=1289\" aria-describedby=\"woocommerce_loop_add_to_cart_link_describedby_1289\" data-quantity=\"1\" class=\"button product_type_simple add_to_cart_button ajax_add_to_cart\" data-product_id=\"1289\" data-product_sku=\"\" aria-label=\"In den Warenkorb legen: \u201eKlaudia SOUKUP (A)\u201c\" rel=\"nofollow\" data-success_message=\"\u201eKlaudia SOUKUP (A)\u201c wurde deinem Warenkorb hinzugef\u00fcgt\" role=\"button\">In den Warenkorb<\/a>\t<span id=\"woocommerce_loop_add_to_cart_link_describedby_1289\" class=\"screen-reader-text\">\n\t\t\t<\/span>\n<\/li>\n<li class=\"product type-product post-1284 status-publish last instock product_cat-abstract product_cat-mediamixed product_cat-popart has-post-thumbnail sold-individually shipping-taxable purchasable product-type-simple\">\n\t<a href=\"https:\/\/www.artfactory-graz.at\/shop\/produkt\/klaudia-soucup-a\/\" class=\"woocommerce-LoopProduct-link woocommerce-loop-product__link\"><img decoding=\"async\" width=\"250\" height=\"250\" src=\"https:\/\/www.artfactory-graz.at\/shop\/wp-content\/uploads\/2025\/11\/6-250x250.jpg\" class=\"attachment-woocommerce_thumbnail size-woocommerce_thumbnail\" alt=\"Klaudia SOUKUP (A)\" srcset=\"https:\/\/www.artfactory-graz.at\/shop\/wp-content\/uploads\/2025\/11\/6-250x250.jpg 250w, https:\/\/www.artfactory-graz.at\/shop\/wp-content\/uploads\/2025\/11\/6-150x150.jpg 150w, https:\/\/www.artfactory-graz.at\/shop\/wp-content\/uploads\/2025\/11\/6-100x100.jpg 100w\" sizes=\"(max-width: 250px) 100vw, 250px\" \/><h2 class=\"woocommerce-loop-product__title\">Klaudia SOUKUP (A)<\/h2>\n\t<span class=\"price\"><span class=\"woocommerce-Price-amount amount\"><bdi><span class=\"woocommerce-Price-currencySymbol\">&euro;<\/span>&nbsp;225,00<\/bdi><\/span><\/span>\n\n\n\n<\/a>\n\n\n\n<a href=\"\/shop\/wp-json\/wp\/v2\/pages\/95?add-to-cart=1284\" aria-describedby=\"woocommerce_loop_add_to_cart_link_describedby_1284\" data-quantity=\"1\" class=\"button product_type_simple add_to_cart_button ajax_add_to_cart\" data-product_id=\"1284\" data-product_sku=\"\" aria-label=\"In den Warenkorb legen: \u201eKlaudia SOUKUP (A)\u201c\" rel=\"nofollow\" data-success_message=\"\u201eKlaudia SOUKUP (A)\u201c wurde deinem Warenkorb hinzugef\u00fcgt\" role=\"button\">In den Warenkorb<\/a>\t<span id=\"woocommerce_loop_add_to_cart_link_describedby_1284\" class=\"screen-reader-text\">\n\t\t\t<\/span>\n<\/li>\n<\/ul>\n<\/div>\t\t\t\t<\/div>\n\t\t\t\t<\/div>\n\t\t\t\t<div class=\"elementor-element elementor-element-7c6a7a2 elementor-align-center elementor-widget elementor-widget-button\" data-id=\"7c6a7a2\" data-element_type=\"widget\" data-widget_type=\"button.default\">\n\t\t\t\t\t\t\t\t\t\t<a class=\"elementor-button elementor-button-link elementor-size-sm\" href=\"https:\/\/www.artfactory-graz.at\/shop\/shop-2\/\">\n\t\t\t\t\t\t<span class=\"elementor-button-content-wrapper\">\n\t\t\t\t\t\t<span class=\"elementor-button-icon\">\n\t\t\t\t<svg xmlns=\"http:\/\/www.w3.org\/2000\/svg\" id=\"bb19cefa-da70-4c4e-8494-ad25bbd47839\" data-name=\"Layer 1\" width=\"32.9204\" height=\"17.832\" viewBox=\"0 0 32.9204 17.832\"><polygon points=\"31.858 8.055 31.858 8.016 31.817 8.016 23.417 0 22.036 1.447 28.931 8.026 0 8.026 0.007 10.026 28.928 10.026 22.048 16.361 23.404 17.832 32.92 9.069 31.858 8.055\"><\/polygon><\/svg>\t\t\t<\/span>\n\t\t\t\t\t\t\t\t\t<span class=\"elementor-button-text\">Shop Now<\/span>\n\t\t\t\t\t<\/span>\n\t\t\t\t\t<\/a>\n\t\t\t\t\t\t\t\t<\/div>\n\t\t\t\t\t<\/div>\n\t\t\t\t<\/div>\n\t\t<div class=\"elementor-element elementor-element-1b226200 e-con-full e-flex e-con e-parent\" data-id=\"1b226200\" data-element_type=\"container\" data-settings=\"{&quot;background_background&quot;:&quot;classic&quot;,&quot;background_motion_fx_motion_fx_scrolling&quot;:&quot;yes&quot;,&quot;background_motion_fx_scale_effect&quot;:&quot;yes&quot;,&quot;background_motion_fx_scale_direction&quot;:&quot;in-out&quot;,&quot;background_motion_fx_scale_speed&quot;:{&quot;unit&quot;:&quot;px&quot;,&quot;size&quot;:4,&quot;sizes&quot;:[]},&quot;background_motion_fx_scale_range&quot;:{&quot;unit&quot;:&quot;%&quot;,&quot;size&quot;:&quot;&quot;,&quot;sizes&quot;:{&quot;start&quot;:20,&quot;end&quot;:80}},&quot;background_motion_fx_devices&quot;:[&quot;desktop&quot;,&quot;tablet&quot;,&quot;mobile&quot;]}\">\n\t\t<div class=\"elementor-element elementor-element-56a3deab e-flex e-con-boxed e-con e-child\" data-id=\"56a3deab\" data-element_type=\"container\" data-settings=\"{&quot;background_background&quot;:&quot;classic&quot;}\">\n\t\t\t\t\t<div class=\"e-con-inner\">\n\t\t\t\t<div class=\"elementor-element elementor-element-353fd238 elementor-widget elementor-widget-heading\" data-id=\"353fd238\" data-element_type=\"widget\" data-widget_type=\"heading.default\">\n\t\t\t\t\t<h2 class=\"elementor-heading-title elementor-size-default\">Contemporary handMade pieces<\/h2>\t\t\t\t<\/div>\n\t\t\t\t<div class=\"elementor-element elementor-element-12480e46 elementor-widget elementor-widget-text-editor\" data-id=\"12480e46\" data-element_type=\"widget\" data-widget_type=\"text-editor.default\">\n\t\t\t\t\t\t\t\t\t<p>Entdecke die Welt der Kunst \u2013 wo Farben tanzen und Formen sich verweben. Tauche ein in ein Universum jenseits der Realit\u00e4t, wo Emotionen auf Leinwand gebannt werden. <br \/>Mit unserer abstrakten Kunst erlebst du die Freiheit der Interpretation, denn jeder Pinselstrich erz\u00e4hlt eine eigene Geschichte. Lass dich von unserer Kollektion inspirieren und gestalte dein Zuhause mit einem Hauch von kreativer Genialit\u00e4t. Erwecke deine Sinne und erlebe die k\u00fcnstlerische Freiheit \u2013 entdecke die Sch\u00f6nheit der Abstraktion.&#8221;<\/p>\t\t\t\t\t\t\t\t<\/div>\n\t\t\t\t<div class=\"elementor-element elementor-element-79f21787 elementor-widget elementor-widget-button\" data-id=\"79f21787\" data-element_type=\"widget\" data-widget_type=\"button.default\">\n\t\t\t\t\t\t\t\t\t\t<a class=\"elementor-button elementor-button-link elementor-size-sm\" href=\"https:\/\/www.artfactory-graz.at\/shop\/shop-2\/\" target=\"_blank\">\n\t\t\t\t\t\t<span class=\"elementor-button-content-wrapper\">\n\t\t\t\t\t\t<span class=\"elementor-button-icon\">\n\t\t\t\t<svg xmlns=\"http:\/\/www.w3.org\/2000\/svg\" id=\"bb19cefa-da70-4c4e-8494-ad25bbd47839\" data-name=\"Layer 1\" width=\"32.9204\" height=\"17.832\" viewBox=\"0 0 32.9204 17.832\"><polygon points=\"31.858 8.055 31.858 8.016 31.817 8.016 23.417 0 22.036 1.447 28.931 8.026 0 8.026 0.007 10.026 28.928 10.026 22.048 16.361 23.404 17.832 32.92 9.069 31.858 8.055\"><\/polygon><\/svg>\t\t\t<\/span>\n\t\t\t\t\t\t\t\t\t<span class=\"elementor-button-text\">Shop Now<\/span>\n\t\t\t\t\t<\/span>\n\t\t\t\t\t<\/a>\n\t\t\t\t\t\t\t\t<\/div>\n\t\t\t\t\t<\/div>\n\t\t\t\t<\/div>\n\t\t\t\t<\/div>\n\t\t<div class=\"elementor-element elementor-element-ee711f8 e-flex e-con-boxed e-con e-parent\" data-id=\"ee711f8\" data-element_type=\"container\">\n\t\t\t\t\t<div class=\"e-con-inner\">\n\t\t\t\t\t<\/div>\n\t\t\t\t<\/div>\n\t\t<div class=\"elementor-element elementor-element-c56cf9b e-flex e-con-boxed e-con e-parent\" data-id=\"c56cf9b\" data-element_type=\"container\">\n\t\t\t\t\t<div class=\"e-con-inner\">\n\t\t\t\t\t<\/div>\n\t\t\t\t<\/div>\n\t\t<div class=\"elementor-element elementor-element-5c935ae e-flex e-con-boxed e-con e-parent\" data-id=\"5c935ae\" data-element_type=\"container\">\n\t\t\t\t\t<div class=\"e-con-inner\">\n\t\t\t\t\t<\/div>\n\t\t\t\t<\/div>\n\t\t<div class=\"elementor-element elementor-element-1377f05 e-flex e-con-boxed e-con e-parent\" data-id=\"1377f05\" data-element_type=\"container\">\n\t\t\t\t\t<div class=\"e-con-inner\">\n\t\t\t\t\t<\/div>\n\t\t\t\t<\/div>\n\t\t\t\t<\/div>\n\t\t","protected":false},"excerpt":{"rendered":"<p>[vc_row][vc_column][vc_column_text] Entdecke deine Einzigartigkeit Unser Online-Kunstshop bringt inspirierende Meisterwerke direkt zu dir nach Hause WELCOME Dein wundersch\u00f6nes Zuhause ist die perfekte Leinwand f\u00fcr deine einzigartige Kunst. Lass deiner Kreativit\u00e4t freien Lauf und schaffe ein Ambiente, das deinen pers\u00f6nlichen Stil widerspiegelt. finde dein perfektes St\u00fcck heute! Shop Now EINZIGARTIG Dein Raum, deine Geschichte: W\u00e4hle Kunst, die [&hellip;]<\/p>\n","protected":false},"author":1,"featured_media":0,"parent":0,"menu_order":0,"comment_status":"closed","ping_status":"closed","template":"elementor_header_footer","meta":{"footnotes":""},"class_list":["post-95","page","type-page","status-publish","hentry"],"jetpack_sharing_enabled":true,"_links":{"self":[{"href":"https:\/\/www.artfactory-graz.at\/shop\/wp-json\/wp\/v2\/pages\/95","targetHints":{"allow":["GET"]}}],"collection":[{"href":"https:\/\/www.artfactory-graz.at\/shop\/wp-json\/wp\/v2\/pages"}],"about":[{"href":"https:\/\/www.artfactory-graz.at\/shop\/wp-json\/wp\/v2\/types\/page"}],"author":[{"embeddable":true,"href":"https:\/\/www.artfactory-graz.at\/shop\/wp-json\/wp\/v2\/users\/1"}],"replies":[{"embeddable":true,"href":"https:\/\/www.artfactory-graz.at\/shop\/wp-json\/wp\/v2\/comments?post=95"}],"version-history":[{"count":89,"href":"https:\/\/www.artfactory-graz.at\/shop\/wp-json\/wp\/v2\/pages\/95\/revisions"}],"predecessor-version":[{"id":1315,"href":"https:\/\/www.artfactory-graz.at\/shop\/wp-json\/wp\/v2\/pages\/95\/revisions\/1315"}],"wp:attachment":[{"href":"https:\/\/www.artfactory-graz.at\/shop\/wp-json\/wp\/v2\/media?parent=95"}],"curies":[{"name":"wp","href":"https:\/\/api.w.org\/{rel}","templated":true}]}}